{"id":22,"date":"2012-12-27T21:25:23","date_gmt":"2012-12-27T20:25:23","guid":{"rendered":"http:\/\/localhost:81\/wordpress\/?page_id=22"},"modified":"2024-06-21T21:28:49","modified_gmt":"2024-06-21T20:28:49","slug":"mitgliedschaft","status":"publish","type":"page","link":"https:\/\/foerderverein-brietlingen.de\/?page_id=22","title":{"rendered":"Mitgliedschaft"},"content":{"rendered":"<p style=\"text-align: justify;\">Mitglied kann jeder werden, der den Verein in seinem Bestreben unterst\u00fctzen will: Eltern und Erziehungsberechtigte derzeitiger oder fr\u00fcherer Kinder des Kindergartens bzw. der Grundschule, Freundinnen \/ Freunde, Erzieherinnen des Kindergartens sowie Mitglieder des Lehrerkollegiums, Firmen, Vereinigungen und Gesellschaften sowie juristische Personen.<\/p>\n<p style=\"text-align: justify;\">Damit der F\u00f6rderverein existieren kann, ben\u00f6tigen wir Mitglieder. Jedes Mitglied tr\u00e4gt dazu bei, dass die Kinder der Kinderg\u00e4rten sowie der Grundschule Brietlingen unterst\u00fctzt werden k\u00f6nnen.<br \/>\nAber Sie werden sich vielleicht fragen, warum soll ich den F\u00f6rderverein unterst\u00fctzen? Nicht alles k\u00f6nnen sich der Kindergarten oder die Grundschule leisten.<br \/>\nTeilweise fehlt es z. B. an wichtigen Materialien, Spielger\u00e4ten, Einrichtungsgegen-st\u00e4nden, Geldern f\u00fcr Aktivit\u00e4ten, o.\u00e4..<br \/>\nHier k\u00f6nnen sich die Einrichtungen an uns wenden. Ihre Beitr\u00e4ge und Spenden kommen so unseren Kindern zu Gute.<\/p>\n<p style=\"text-align: justify;\">M\u00f6glich ist eine Unterst\u00fctzung aber nur mit vielen Mitgliedern.<br \/>\nEine Mitgliedschaft ist ab 12 \u20ac im Jahr m\u00f6glich, nach oben hin sind keine Grenzen gesetzt. Auch ist es m\u00f6glich, als Firma zu spenden. Eine Spendenquittung kann ausgestellt werden.<\/p>\n<p style=\"padding-left: 40px;\"><a href=\"https:\/\/foerderverein-brietlingen.de\/wp-content\/uploads\/2021\/09\/FOeV-Beitrittserklaerung-gem-SEPA.pdf\" target=\"_blank\" rel=\"noopener noreferrer\"><strong>Beitrittserkl\u00e4rung als PDF<\/strong><\/a><\/p>\n<p>In der j\u00e4hrlichen Hauptversammlung wird \u00fcber die Aktivit\u00e4ten und jeweiligen Unterst\u00fctzungen berichtet.<\/p>\n<p>Der derzeitige Vorstand setzt sich wie folgt zusammen:<\/p>\n<p style=\"padding-left: 40px;\">Yvonne Heuer (1.Vorsitzende)<br \/>\nOlaf Baumg\u00e4rtner (stellv. Vorsitzender)<br \/>\nKatja Scheele (Kassenwartin)<br \/>\nHeike Kausch (Schriftf\u00fchrerin)<br \/>\nSarah Lichtenstein &amp; Thorsten K\u00fclper (Beisitzer)<\/p>\n<p><a href=\"https:\/\/foerderverein-brietlingen.de\/wp-content\/uploads\/2013\/01\/cropped-Logo_F\u00d6V.png\"><img loading=\"lazy\" decoding=\"async\" class=\"aligncenter size-thumbnail wp-image-633\" src=\"https:\/\/foerderverein-brietlingen.de\/wp-content\/uploads\/2013\/01\/cropped-Logo_F\u00d6V-150x150.png\" alt=\"\" width=\"150\" height=\"150\" srcset=\"https:\/\/foerderverein-brietlingen.de\/wp-content\/uploads\/2013\/01\/cropped-Logo_F\u00d6V-150x150.png 150w, https:\/\/foerderverein-brietlingen.de\/wp-content\/uploads\/2013\/01\/cropped-Logo_F\u00d6V-300x300.png 300w, https:\/\/foerderverein-brietlingen.de\/wp-content\/uploads\/2013\/01\/cropped-Logo_F\u00d6V-270x270.png 270w, https:\/\/foerderverein-brietlingen.de\/wp-content\/uploads\/2013\/01\/cropped-Logo_F\u00d6V-192x192.png 192w, https:\/\/foerderverein-brietlingen.de\/wp-content\/uploads\/2013\/01\/cropped-Logo_F\u00d6V-180x180.png 180w, https:\/\/foerderverein-brietlingen.de\/wp-content\/uploads\/2013\/01\/cropped-Logo_F\u00d6V-32x32.png 32w, https:\/\/foerderverein-brietlingen.de\/wp-content\/uploads\/2013\/01\/cropped-Logo_F\u00d6V.png 512w\" sizes=\"auto, (max-width: 150px) 100vw, 150px\" \/><\/a><\/p>\n","protected":false},"excerpt":{"rendered":"<p>Mitglied kann jeder werden, der den Verein in seinem Bestreben unterst\u00fctzen will: Eltern und Erziehungsberechtigte derzeitiger oder fr\u00fcherer Kinder des Kindergartens bzw. der Grundschule, Freundinnen \/ Freunde, Erzieherinnen des Kindergartens sowie Mitglieder des Lehrerkollegiums, Firmen, Vereinigungen und Gesellschaften sowie juristische &hellip; <a href=\"https:\/\/foerderverein-brietlingen.de\/?page_id=22\">Weiterlesen <span class=\"meta-nav\">&rarr;<\/span><\/a><\/p>\n","protected":false},"author":1,"featured_media":0,"parent":0,"menu_order":3,"comment_status":"closed","ping_status":"closed","template":"sidebar-page.php","meta":{"footnotes":""},"class_list":["post-22","page","type-page","status-publish","hentry"],"yoast_head":"<!-- This site is optimized with the Yoast SEO plugin v27.5 - https:\/\/yoast.com\/product\/yoast-seo-wordpress\/ -->\n<title>Mitgliedschaft<\/title>\n<meta name=\"description\" content=\"Alle Infos zum Thema &quot;Mitlgiedschaft&quot; inkl. Beitritterkl\u00e4rung zum Download.\" \/>\n<meta name=\"robots\" content=\"index, follow, max-snippet:-1, max-image-preview:large, max-video-preview:-1\" \/>\n<link rel=\"canonical\" href=\"https:\/\/foerderverein-brietlingen.de\/?page_id=22\" \/>\n<meta property=\"og:locale\" content=\"de_DE\" \/>\n<meta property=\"og:type\" content=\"article\" \/>\n<meta property=\"og:title\" content=\"Mitgliedschaft\" \/>\n<meta property=\"og:description\" content=\"Alle Infos zum Thema &quot;Mitlgiedschaft&quot; inkl. Beitritterkl\u00e4rung zum Download.\" \/>\n<meta property=\"og:url\" content=\"https:\/\/foerderverein-brietlingen.de\/?page_id=22\" \/>\n<meta property=\"og:site_name\" content=\"F\u00f6rderverein Kindergarten und Grundschule Brietlingen e.V.\" \/>\n<meta property=\"article:modified_time\" content=\"2024-06-21T20:28:49+00:00\" \/>\n<meta name=\"twitter:card\" content=\"summary_large_image\" \/>\n<meta name=\"twitter:label1\" content=\"Gesch\u00e4tzte Lesezeit\" \/>\n\t<meta name=\"twitter:data1\" content=\"2\u00a0Minuten\" \/>\n<script type=\"application\/ld+json\" class=\"yoast-schema-graph\">{\"@context\":\"https:\\\/\\\/schema.org\",\"@graph\":[{\"@type\":\"WebPage\",\"@id\":\"https:\\\/\\\/foerderverein-brietlingen.de\\\/?page_id=22\",\"url\":\"https:\\\/\\\/foerderverein-brietlingen.de\\\/?page_id=22\",\"name\":\"Mitgliedschaft\",\"isPartOf\":{\"@id\":\"https:\\\/\\\/foerderverein-brietlingen.de\\\/#website\"},\"datePublished\":\"2012-12-27T20:25:23+00:00\",\"dateModified\":\"2024-06-21T20:28:49+00:00\",\"description\":\"Alle Infos zum Thema \\\"Mitlgiedschaft\\\" inkl. Beitritterkl\u00e4rung zum Download.\",\"breadcrumb\":{\"@id\":\"https:\\\/\\\/foerderverein-brietlingen.de\\\/?page_id=22#breadcrumb\"},\"inLanguage\":\"de\",\"potentialAction\":[{\"@type\":\"ReadAction\",\"target\":[\"https:\\\/\\\/foerderverein-brietlingen.de\\\/?page_id=22\"]}]},{\"@type\":\"BreadcrumbList\",\"@id\":\"https:\\\/\\\/foerderverein-brietlingen.de\\\/?page_id=22#breadcrumb\",\"itemListElement\":[{\"@type\":\"ListItem\",\"position\":1,\"name\":\"Startseite\",\"item\":\"https:\\\/\\\/foerderverein-brietlingen.de\\\/\"},{\"@type\":\"ListItem\",\"position\":2,\"name\":\"Mitgliedschaft\"}]},{\"@type\":\"WebSite\",\"@id\":\"https:\\\/\\\/foerderverein-brietlingen.de\\\/#website\",\"url\":\"https:\\\/\\\/foerderverein-brietlingen.de\\\/\",\"name\":\"F\u00f6rderverein Kindergarten und Grundschule Brietlingen e.V.\",\"description\":\"\",\"publisher\":{\"@id\":\"https:\\\/\\\/foerderverein-brietlingen.de\\\/#organization\"},\"potentialAction\":[{\"@type\":\"SearchAction\",\"target\":{\"@type\":\"EntryPoint\",\"urlTemplate\":\"https:\\\/\\\/foerderverein-brietlingen.de\\\/?s={search_term_string}\"},\"query-input\":{\"@type\":\"PropertyValueSpecification\",\"valueRequired\":true,\"valueName\":\"search_term_string\"}}],\"inLanguage\":\"de\"},{\"@type\":\"Organization\",\"@id\":\"https:\\\/\\\/foerderverein-brietlingen.de\\\/#organization\",\"name\":\"F\u00f6rderverein Kindergarten und Grundschule Brietlingen e.V.\",\"url\":\"https:\\\/\\\/foerderverein-brietlingen.de\\\/\",\"logo\":{\"@type\":\"ImageObject\",\"inLanguage\":\"de\",\"@id\":\"https:\\\/\\\/foerderverein-brietlingen.de\\\/#\\\/schema\\\/logo\\\/image\\\/\",\"url\":\"https:\\\/\\\/foerderverein-brietlingen.de\\\/wp-content\\\/uploads\\\/2013\\\/01\\\/Logo_F\u00d6V.png\",\"contentUrl\":\"https:\\\/\\\/foerderverein-brietlingen.de\\\/wp-content\\\/uploads\\\/2013\\\/01\\\/Logo_F\u00d6V.png\",\"width\":224,\"height\":175,\"caption\":\"F\u00f6rderverein Kindergarten und Grundschule Brietlingen e.V.\"},\"image\":{\"@id\":\"https:\\\/\\\/foerderverein-brietlingen.de\\\/#\\\/schema\\\/logo\\\/image\\\/\"}}]}<\/script>\n<!-- \/ Yoast SEO plugin. -->","yoast_head_json":{"title":"Mitgliedschaft","description":"Alle Infos zum Thema \"Mitlgiedschaft\" inkl. Beitritterkl\u00e4rung zum Download.","robots":{"index":"index","follow":"follow","max-snippet":"max-snippet:-1","max-image-preview":"max-image-preview:large","max-video-preview":"max-video-preview:-1"},"canonical":"https:\/\/foerderverein-brietlingen.de\/?page_id=22","og_locale":"de_DE","og_type":"article","og_title":"Mitgliedschaft","og_description":"Alle Infos zum Thema \"Mitlgiedschaft\" inkl. Beitritterkl\u00e4rung zum Download.","og_url":"https:\/\/foerderverein-brietlingen.de\/?page_id=22","og_site_name":"F\u00f6rderverein Kindergarten und Grundschule Brietlingen e.V.","article_modified_time":"2024-06-21T20:28:49+00:00","twitter_card":"summary_large_image","twitter_misc":{"Gesch\u00e4tzte Lesezeit":"2\u00a0Minuten"},"schema":{"@context":"https:\/\/schema.org","@graph":[{"@type":"WebPage","@id":"https:\/\/foerderverein-brietlingen.de\/?page_id=22","url":"https:\/\/foerderverein-brietlingen.de\/?page_id=22","name":"Mitgliedschaft","isPartOf":{"@id":"https:\/\/foerderverein-brietlingen.de\/#website"},"datePublished":"2012-12-27T20:25:23+00:00","dateModified":"2024-06-21T20:28:49+00:00","description":"Alle Infos zum Thema \"Mitlgiedschaft\" inkl. Beitritterkl\u00e4rung zum Download.","breadcrumb":{"@id":"https:\/\/foerderverein-brietlingen.de\/?page_id=22#breadcrumb"},"inLanguage":"de","potentialAction":[{"@type":"ReadAction","target":["https:\/\/foerderverein-brietlingen.de\/?page_id=22"]}]},{"@type":"BreadcrumbList","@id":"https:\/\/foerderverein-brietlingen.de\/?page_id=22#breadcrumb","itemListElement":[{"@type":"ListItem","position":1,"name":"Startseite","item":"https:\/\/foerderverein-brietlingen.de\/"},{"@type":"ListItem","position":2,"name":"Mitgliedschaft"}]},{"@type":"WebSite","@id":"https:\/\/foerderverein-brietlingen.de\/#website","url":"https:\/\/foerderverein-brietlingen.de\/","name":"F\u00f6rderverein Kindergarten und Grundschule Brietlingen e.V.","description":"","publisher":{"@id":"https:\/\/foerderverein-brietlingen.de\/#organization"},"potentialAction":[{"@type":"SearchAction","target":{"@type":"EntryPoint","urlTemplate":"https:\/\/foerderverein-brietlingen.de\/?s={search_term_string}"},"query-input":{"@type":"PropertyValueSpecification","valueRequired":true,"valueName":"search_term_string"}}],"inLanguage":"de"},{"@type":"Organization","@id":"https:\/\/foerderverein-brietlingen.de\/#organization","name":"F\u00f6rderverein Kindergarten und Grundschule Brietlingen e.V.","url":"https:\/\/foerderverein-brietlingen.de\/","logo":{"@type":"ImageObject","inLanguage":"de","@id":"https:\/\/foerderverein-brietlingen.de\/#\/schema\/logo\/image\/","url":"https:\/\/foerderverein-brietlingen.de\/wp-content\/uploads\/2013\/01\/Logo_F\u00d6V.png","contentUrl":"https:\/\/foerderverein-brietlingen.de\/wp-content\/uploads\/2013\/01\/Logo_F\u00d6V.png","width":224,"height":175,"caption":"F\u00f6rderverein Kindergarten und Grundschule Brietlingen e.V."},"image":{"@id":"https:\/\/foerderverein-brietlingen.de\/#\/schema\/logo\/image\/"}}]}},"_links":{"self":[{"href":"https:\/\/foerderverein-brietlingen.de\/index.php?rest_route=\/wp\/v2\/pages\/22","targetHints":{"allow":["GET"]}}],"collection":[{"href":"https:\/\/foerderverein-brietlingen.de\/index.php?rest_route=\/wp\/v2\/pages"}],"about":[{"href":"https:\/\/foerderverein-brietlingen.de\/index.php?rest_route=\/wp\/v2\/types\/page"}],"author":[{"embeddable":true,"href":"https:\/\/foerderverein-brietlingen.de\/index.php?rest_route=\/wp\/v2\/users\/1"}],"replies":[{"embeddable":true,"href":"https:\/\/foerderverein-brietlingen.de\/index.php?rest_route=%2Fwp%2Fv2%2Fcomments&post=22"}],"version-history":[{"count":22,"href":"https:\/\/foerderverein-brietlingen.de\/index.php?rest_route=\/wp\/v2\/pages\/22\/revisions"}],"predecessor-version":[{"id":1026,"href":"https:\/\/foerderverein-brietlingen.de\/index.php?rest_route=\/wp\/v2\/pages\/22\/revisions\/1026"}],"wp:attachment":[{"href":"https:\/\/foerderverein-brietlingen.de\/index.php?rest_route=%2Fwp%2Fv2%2Fmedia&parent=22"}],"curies":[{"name":"wp","href":"https:\/\/api.w.org\/{rel}","templated":true}]}}