{"id":49,"date":"2012-12-27T21:24:50","date_gmt":"2012-12-27T20:24:50","guid":{"rendered":"http:\/\/localhost:81\/wordpress\/?page_id=49"},"modified":"2025-01-06T21:45:28","modified_gmt":"2025-01-06T20:45:28","slug":"termine","status":"publish","type":"page","link":"https:\/\/foerderverein-brietlingen.de\/?page_id=49","title":{"rendered":"Referenzen"},"content":{"rendered":"<p><strong>Im Gesch\u00e4ftsjahr 2024 wurden Zusch\u00fcsse gew\u00e4hrt f\u00fcr<\/strong><\/p>\n<ul>\n<li>Mapili Theater \u2013 Kiga Storchenland<\/li>\n<li>Spielzeuge &#8211; Kiga Storchenland<\/li>\n<li>B\u00fccherkiste \u2013 Grundschule<\/li>\n<li>Bezuschussung Sporttag 2024\u00a0 \u2013 Grundschule<\/li>\n<li>Bezuschussung Busfahrt\u00a0 \u2013 Kiga Moorburg<\/li>\n<\/ul>\n<p><strong>Im Gesch\u00e4ftsjahr 2023 wurden Zusch\u00fcsse gew\u00e4hrt f\u00fcr<\/strong><\/p>\n<ul>\n<li>Mapili Theater \u2013 Kiga Storchenland<\/li>\n<li>Bezuschussung Busfahrt\u00a0 \u2013 Kiga Moorburg<\/li>\n<li>Bezuschussungen Abschlussfahrt \u2013 Grundschule<\/li>\n<li>Projektumsetzung &#8222;Herzbeschirmt&#8220; \u2013 Grundschule<\/li>\n<li>B\u00fccherkiste \u2013 Grundschule<\/li>\n<\/ul>\n<p><strong>Im Gesch\u00e4ftsjahr 2022 wurden Zusch\u00fcsse gew\u00e4hrt f\u00fcr<\/strong><\/p>\n<ul>\n<li>Spielzeug \u2013 Kiga Storchenland<\/li>\n<li>Mapili Theater \u2013 Kiga Storchenland<\/li>\n<li>Bezuschussungen &#8222;Sch\u00fcler helfen Leben&#8220; \u2013 Grundschule<\/li>\n<li>Bezuschussungen &#8222;Aktion gegen den Hunger&#8220; \u2013 Grundschule<\/li>\n<li>B\u00fccherkiste \u2013 Grundschule<\/li>\n<\/ul>\n<p><strong>Im Gesch\u00e4ftsjahr 2021 wurden Zusch\u00fcsse gew\u00e4hrt f\u00fcr<\/strong><\/p>\n<ul>\n<li>Gl\u00fcckszwerge Spielzeug &#8211; Kiga Storchenland<\/li>\n<li>T-Shirts &#8211; Kiga Storchenland<\/li>\n<li>Mapili Theater &#8211; Kiga Storchenland<\/li>\n<li>Spielwelle &#8211; Kiga Storchenland<\/li>\n<li>Schulb\u00fccher &#8211; Grundschule<\/li>\n<li>Spielzeugkisten Grundschule<\/li>\n<\/ul>\n<p><strong>Im Gesch\u00e4ftsjahr 2020 wurden Zusch\u00fcsse gew\u00e4hrt f\u00fcr<\/strong><\/p>\n<ul>\n<li>Mapili Theater &#8211; Kiga Storchenland<\/li>\n<li>Spielwelle &#8211; Kiga Storchenland<\/li>\n<li>OliFu &#8211; Kiga Storchenland<\/li>\n<li>Spielwelle &#8211; KiGa Moorburg<\/li>\n<li>Opitec Modellierbinden &#8211; Grundschule<\/li>\n<li>M\u00fchlenf\u00fchrung &#8211; Grundschule<\/li>\n<li>Adendorfer Serenade &#8211; Grundschule<\/li>\n<li>Mensch \u00c4rgere Dich Nicht &#8211; Grundschule<\/li>\n<\/ul>\n<p><strong>Im Gesch\u00e4ftsjahr 2019 wurden Zusch\u00fcsse gew\u00e4hrt f\u00fcr<\/strong><\/p>\n<ul>\n<li>Spielzeugkisten 1. Klassen<\/li>\n<li>Klassenfahrt &#8211; Grundschule<\/li>\n<li>Ausflug Wildpark &#8211; Kiga Storchenland<\/li>\n<li>Moskito Spiel &#8211; Kiga Storchenland<\/li>\n<li>Olifu &#8211; Kiga Storchenland<\/li>\n<li>Zwergentr\u00e4ume &#8211; KiGa Moorburg<\/li>\n<\/ul>\n<p><strong>Im Gesch\u00e4ftsjahr 2018 wurden Zusch\u00fcsse gew\u00e4hrt f\u00fcr<\/strong><\/p>\n<ul>\n<li>Ausflug Kindergarten<\/li>\n<li>Lupen Kindergarten<\/li>\n<li>Spielzeugkisten Grundschule<\/li>\n<li>Spielzeug Nachmittagsbetreuung<\/li>\n<li>Bastelbedarf Grundschule<\/li>\n<li>B\u00fccherstube<\/li>\n<li>Spielzeug KiGa Moorburg<\/li>\n<li>Medienset Kindergarten<\/li>\n<li>B\u00e4lle f\u00fcr Grundschule<\/li>\n<li>Musikinstrumente Grundschule<\/li>\n<li>Riesentrucks Grundschule<\/li>\n<li>H\u00fcpfb\u00e4lle Grundschule<\/li>\n<\/ul>\n<p><a href=\"https:\/\/foerderverein-brietlingen.de\/wp-content\/uploads\/2013\/01\/cropped-Logo_F\u00d6V.png\"><img loading=\"lazy\" decoding=\"async\" class=\"aligncenter size-thumbnail wp-image-633\" src=\"https:\/\/foerderverein-brietlingen.de\/wp-content\/uploads\/2013\/01\/cropped-Logo_F\u00d6V-150x150.png\" alt=\"\" width=\"150\" height=\"150\" srcset=\"https:\/\/foerderverein-brietlingen.de\/wp-content\/uploads\/2013\/01\/cropped-Logo_F\u00d6V-150x150.png 150w, https:\/\/foerderverein-brietlingen.de\/wp-content\/uploads\/2013\/01\/cropped-Logo_F\u00d6V-300x300.png 300w, https:\/\/foerderverein-brietlingen.de\/wp-content\/uploads\/2013\/01\/cropped-Logo_F\u00d6V-270x270.png 270w, https:\/\/foerderverein-brietlingen.de\/wp-content\/uploads\/2013\/01\/cropped-Logo_F\u00d6V-192x192.png 192w, https:\/\/foerderverein-brietlingen.de\/wp-content\/uploads\/2013\/01\/cropped-Logo_F\u00d6V-180x180.png 180w, https:\/\/foerderverein-brietlingen.de\/wp-content\/uploads\/2013\/01\/cropped-Logo_F\u00d6V-32x32.png 32w, https:\/\/foerderverein-brietlingen.de\/wp-content\/uploads\/2013\/01\/cropped-Logo_F\u00d6V.png 512w\" sizes=\"auto, (max-width: 150px) 100vw, 150px\" \/><\/a><\/p>\n","protected":false},"excerpt":{"rendered":"<p>Im Gesch\u00e4ftsjahr 2024 wurden Zusch\u00fcsse gew\u00e4hrt f\u00fcr Mapili Theater \u2013 Kiga Storchenland Spielzeuge &#8211; Kiga Storchenland B\u00fccherkiste \u2013 Grundschule Bezuschussung Sporttag 2024\u00a0 \u2013 Grundschule Bezuschussung Busfahrt\u00a0 \u2013 Kiga Moorburg Im Gesch\u00e4ftsjahr 2023 wurden Zusch\u00fcsse gew\u00e4hrt f\u00fcr Mapili Theater \u2013 Kiga &hellip; <a href=\"https:\/\/foerderverein-brietlingen.de\/?page_id=49\">Weiterlesen <span class=\"meta-nav\">&rarr;<\/span><\/a><\/p>\n","protected":false},"author":1,"featured_media":0,"parent":0,"menu_order":6,"comment_status":"closed","ping_status":"closed","template":"sidebar-page.php","meta":{"footnotes":""},"class_list":["post-49","page","type-page","status-publish","hentry"],"yoast_head":"<!-- This site is optimized with the Yoast SEO plugin v27.5 - https:\/\/yoast.com\/product\/yoast-seo-wordpress\/ -->\n<title>Referenzen<\/title>\n<meta name=\"description\" content=\"Welche Projekte wurden durch Zusch\u00fcsse im Kindergarten und in der Grundschule in den letzten Jahren gef\u00f6rdert.\" \/>\n<meta name=\"robots\" content=\"index, follow, max-snippet:-1, max-image-preview:large, max-video-preview:-1\" \/>\n<link rel=\"canonical\" href=\"https:\/\/foerderverein-brietlingen.de\/?page_id=49\" \/>\n<meta property=\"og:locale\" content=\"de_DE\" \/>\n<meta property=\"og:type\" content=\"article\" \/>\n<meta property=\"og:title\" content=\"Referenzen\" \/>\n<meta property=\"og:description\" content=\"Welche Projekte wurden durch Zusch\u00fcsse im Kindergarten und in der Grundschule in den letzten Jahren gef\u00f6rdert.\" \/>\n<meta property=\"og:url\" content=\"https:\/\/foerderverein-brietlingen.de\/?page_id=49\" \/>\n<meta property=\"og:site_name\" content=\"F\u00f6rderverein Kindergarten und Grundschule Brietlingen e.V.\" \/>\n<meta property=\"article:modified_time\" content=\"2025-01-06T20:45:28+00:00\" \/>\n<meta name=\"twitter:card\" content=\"summary_large_image\" \/>\n<meta name=\"twitter:label1\" content=\"Gesch\u00e4tzte Lesezeit\" \/>\n\t<meta name=\"twitter:data1\" content=\"2\u00a0Minuten\" \/>\n<script type=\"application\/ld+json\" class=\"yoast-schema-graph\">{\"@context\":\"https:\\\/\\\/schema.org\",\"@graph\":[{\"@type\":\"WebPage\",\"@id\":\"https:\\\/\\\/foerderverein-brietlingen.de\\\/?page_id=49\",\"url\":\"https:\\\/\\\/foerderverein-brietlingen.de\\\/?page_id=49\",\"name\":\"Referenzen\",\"isPartOf\":{\"@id\":\"https:\\\/\\\/foerderverein-brietlingen.de\\\/#website\"},\"datePublished\":\"2012-12-27T20:24:50+00:00\",\"dateModified\":\"2025-01-06T20:45:28+00:00\",\"description\":\"Welche Projekte wurden durch Zusch\u00fcsse im Kindergarten und in der Grundschule in den letzten Jahren gef\u00f6rdert.\",\"breadcrumb\":{\"@id\":\"https:\\\/\\\/foerderverein-brietlingen.de\\\/?page_id=49#breadcrumb\"},\"inLanguage\":\"de\",\"potentialAction\":[{\"@type\":\"ReadAction\",\"target\":[\"https:\\\/\\\/foerderverein-brietlingen.de\\\/?page_id=49\"]}]},{\"@type\":\"BreadcrumbList\",\"@id\":\"https:\\\/\\\/foerderverein-brietlingen.de\\\/?page_id=49#breadcrumb\",\"itemListElement\":[{\"@type\":\"ListItem\",\"position\":1,\"name\":\"Startseite\",\"item\":\"https:\\\/\\\/foerderverein-brietlingen.de\\\/\"},{\"@type\":\"ListItem\",\"position\":2,\"name\":\"Referenzen\"}]},{\"@type\":\"WebSite\",\"@id\":\"https:\\\/\\\/foerderverein-brietlingen.de\\\/#website\",\"url\":\"https:\\\/\\\/foerderverein-brietlingen.de\\\/\",\"name\":\"F\u00f6rderverein Kindergarten und Grundschule Brietlingen e.V.\",\"description\":\"\",\"publisher\":{\"@id\":\"https:\\\/\\\/foerderverein-brietlingen.de\\\/#organization\"},\"potentialAction\":[{\"@type\":\"SearchAction\",\"target\":{\"@type\":\"EntryPoint\",\"urlTemplate\":\"https:\\\/\\\/foerderverein-brietlingen.de\\\/?s={search_term_string}\"},\"query-input\":{\"@type\":\"PropertyValueSpecification\",\"valueRequired\":true,\"valueName\":\"search_term_string\"}}],\"inLanguage\":\"de\"},{\"@type\":\"Organization\",\"@id\":\"https:\\\/\\\/foerderverein-brietlingen.de\\\/#organization\",\"name\":\"F\u00f6rderverein Kindergarten und Grundschule Brietlingen e.V.\",\"url\":\"https:\\\/\\\/foerderverein-brietlingen.de\\\/\",\"logo\":{\"@type\":\"ImageObject\",\"inLanguage\":\"de\",\"@id\":\"https:\\\/\\\/foerderverein-brietlingen.de\\\/#\\\/schema\\\/logo\\\/image\\\/\",\"url\":\"https:\\\/\\\/foerderverein-brietlingen.de\\\/wp-content\\\/uploads\\\/2013\\\/01\\\/Logo_F\u00d6V.png\",\"contentUrl\":\"https:\\\/\\\/foerderverein-brietlingen.de\\\/wp-content\\\/uploads\\\/2013\\\/01\\\/Logo_F\u00d6V.png\",\"width\":224,\"height\":175,\"caption\":\"F\u00f6rderverein Kindergarten und Grundschule Brietlingen e.V.\"},\"image\":{\"@id\":\"https:\\\/\\\/foerderverein-brietlingen.de\\\/#\\\/schema\\\/logo\\\/image\\\/\"}}]}<\/script>\n<!-- \/ Yoast SEO plugin. -->","yoast_head_json":{"title":"Referenzen","description":"Welche Projekte wurden durch Zusch\u00fcsse im Kindergarten und in der Grundschule in den letzten Jahren gef\u00f6rdert.","robots":{"index":"index","follow":"follow","max-snippet":"max-snippet:-1","max-image-preview":"max-image-preview:large","max-video-preview":"max-video-preview:-1"},"canonical":"https:\/\/foerderverein-brietlingen.de\/?page_id=49","og_locale":"de_DE","og_type":"article","og_title":"Referenzen","og_description":"Welche Projekte wurden durch Zusch\u00fcsse im Kindergarten und in der Grundschule in den letzten Jahren gef\u00f6rdert.","og_url":"https:\/\/foerderverein-brietlingen.de\/?page_id=49","og_site_name":"F\u00f6rderverein Kindergarten und Grundschule Brietlingen e.V.","article_modified_time":"2025-01-06T20:45:28+00:00","twitter_card":"summary_large_image","twitter_misc":{"Gesch\u00e4tzte Lesezeit":"2\u00a0Minuten"},"schema":{"@context":"https:\/\/schema.org","@graph":[{"@type":"WebPage","@id":"https:\/\/foerderverein-brietlingen.de\/?page_id=49","url":"https:\/\/foerderverein-brietlingen.de\/?page_id=49","name":"Referenzen","isPartOf":{"@id":"https:\/\/foerderverein-brietlingen.de\/#website"},"datePublished":"2012-12-27T20:24:50+00:00","dateModified":"2025-01-06T20:45:28+00:00","description":"Welche Projekte wurden durch Zusch\u00fcsse im Kindergarten und in der Grundschule in den letzten Jahren gef\u00f6rdert.","breadcrumb":{"@id":"https:\/\/foerderverein-brietlingen.de\/?page_id=49#breadcrumb"},"inLanguage":"de","potentialAction":[{"@type":"ReadAction","target":["https:\/\/foerderverein-brietlingen.de\/?page_id=49"]}]},{"@type":"BreadcrumbList","@id":"https:\/\/foerderverein-brietlingen.de\/?page_id=49#breadcrumb","itemListElement":[{"@type":"ListItem","position":1,"name":"Startseite","item":"https:\/\/foerderverein-brietlingen.de\/"},{"@type":"ListItem","position":2,"name":"Referenzen"}]},{"@type":"WebSite","@id":"https:\/\/foerderverein-brietlingen.de\/#website","url":"https:\/\/foerderverein-brietlingen.de\/","name":"F\u00f6rderverein Kindergarten und Grundschule Brietlingen e.V.","description":"","publisher":{"@id":"https:\/\/foerderverein-brietlingen.de\/#organization"},"potentialAction":[{"@type":"SearchAction","target":{"@type":"EntryPoint","urlTemplate":"https:\/\/foerderverein-brietlingen.de\/?s={search_term_string}"},"query-input":{"@type":"PropertyValueSpecification","valueRequired":true,"valueName":"search_term_string"}}],"inLanguage":"de"},{"@type":"Organization","@id":"https:\/\/foerderverein-brietlingen.de\/#organization","name":"F\u00f6rderverein Kindergarten und Grundschule Brietlingen e.V.","url":"https:\/\/foerderverein-brietlingen.de\/","logo":{"@type":"ImageObject","inLanguage":"de","@id":"https:\/\/foerderverein-brietlingen.de\/#\/schema\/logo\/image\/","url":"https:\/\/foerderverein-brietlingen.de\/wp-content\/uploads\/2013\/01\/Logo_F\u00d6V.png","contentUrl":"https:\/\/foerderverein-brietlingen.de\/wp-content\/uploads\/2013\/01\/Logo_F\u00d6V.png","width":224,"height":175,"caption":"F\u00f6rderverein Kindergarten und Grundschule Brietlingen e.V."},"image":{"@id":"https:\/\/foerderverein-brietlingen.de\/#\/schema\/logo\/image\/"}}]}},"_links":{"self":[{"href":"https:\/\/foerderverein-brietlingen.de\/index.php?rest_route=\/wp\/v2\/pages\/49","targetHints":{"allow":["GET"]}}],"collection":[{"href":"https:\/\/foerderverein-brietlingen.de\/index.php?rest_route=\/wp\/v2\/pages"}],"about":[{"href":"https:\/\/foerderverein-brietlingen.de\/index.php?rest_route=\/wp\/v2\/types\/page"}],"author":[{"embeddable":true,"href":"https:\/\/foerderverein-brietlingen.de\/index.php?rest_route=\/wp\/v2\/users\/1"}],"replies":[{"embeddable":true,"href":"https:\/\/foerderverein-brietlingen.de\/index.php?rest_route=%2Fwp%2Fv2%2Fcomments&post=49"}],"version-history":[{"count":9,"href":"https:\/\/foerderverein-brietlingen.de\/index.php?rest_route=\/wp\/v2\/pages\/49\/revisions"}],"predecessor-version":[{"id":1040,"href":"https:\/\/foerderverein-brietlingen.de\/index.php?rest_route=\/wp\/v2\/pages\/49\/revisions\/1040"}],"wp:attachment":[{"href":"https:\/\/foerderverein-brietlingen.de\/index.php?rest_route=%2Fwp%2Fv2%2Fmedia&parent=49"}],"curies":[{"name":"wp","href":"https:\/\/api.w.org\/{rel}","templated":true}]}}