{"id":53,"date":"2012-12-27T21:25:21","date_gmt":"2012-12-27T20:25:21","guid":{"rendered":"http:\/\/localhost:81\/wordpress\/?page_id=53"},"modified":"2026-02-24T19:01:12","modified_gmt":"2026-02-24T18:01:12","slug":"betreuungsangebote","status":"publish","type":"page","link":"https:\/\/foerderverein-brietlingen.de\/?page_id=53","title":{"rendered":"Betreuungsangebote"},"content":{"rendered":"Wir bieten folgende Betreuungsm\u00f6glichkeiten an:\r\n<ul>\r\n \t<li style=\"list-style-type: none;\">\r\n<ul>\r\n \t<li style=\"list-style-type: none;\">\r\n<ul>\r\n \t<li><strong><a title=\"Nachmittagsbetreuung der GS Brietlingen\" href=\"https:\/\/foerderverein-brietlingen.de\/?page_id=55\">Nachmittagsbetreuung der GS Brietlingen<\/a><\/strong><\/li>\r\n \t<li><strong><a title=\"Ferienbetreuung\" href=\"https:\/\/foerderverein-brietlingen.de\/?page_id=199\">Ferienbetreuung in der GS Brietlingen<\/a><\/strong><\/li>\r\n \t<li><strong><a title=\"Au\u00dferordentliche Betreuung\" href=\"https:\/\/foerderverein-brietlingen.de\/?page_id=201\">Au\u00dferordentliche Betreuung innerhalb der Schulzeit<\/a><\/strong><\/li>\r\n<\/ul>\r\n<\/li>\r\n<\/ul>\r\n<\/li>\r\n<\/ul>\r\n<a href=\"https:\/\/foerderverein-brietlingen.de\/wp-content\/uploads\/2013\/01\/cropped-Logo_F\u00d6V.png\"><img loading=\"lazy\" decoding=\"async\" class=\"aligncenter size-thumbnail wp-image-633\" src=\"https:\/\/foerderverein-brietlingen.de\/wp-content\/uploads\/2013\/01\/cropped-Logo_F\u00d6V-150x150.png\" alt=\"\" width=\"150\" height=\"150\" srcset=\"https:\/\/foerderverein-brietlingen.de\/wp-content\/uploads\/2013\/01\/cropped-Logo_F\u00d6V-150x150.png 150w, https:\/\/foerderverein-brietlingen.de\/wp-content\/uploads\/2013\/01\/cropped-Logo_F\u00d6V-300x300.png 300w, https:\/\/foerderverein-brietlingen.de\/wp-content\/uploads\/2013\/01\/cropped-Logo_F\u00d6V-270x270.png 270w, https:\/\/foerderverein-brietlingen.de\/wp-content\/uploads\/2013\/01\/cropped-Logo_F\u00d6V-192x192.png 192w, https:\/\/foerderverein-brietlingen.de\/wp-content\/uploads\/2013\/01\/cropped-Logo_F\u00d6V-180x180.png 180w, https:\/\/foerderverein-brietlingen.de\/wp-content\/uploads\/2013\/01\/cropped-Logo_F\u00d6V-32x32.png 32w, https:\/\/foerderverein-brietlingen.de\/wp-content\/uploads\/2013\/01\/cropped-Logo_F\u00d6V.png 512w\" sizes=\"auto, (max-width: 150px) 100vw, 150px\" \/><\/a>\r\n\r\n<!-- \/wp:post-content -->","protected":false},"excerpt":{"rendered":"<p>Wir bieten folgende Betreuungsm\u00f6glichkeiten an: Nachmittagsbetreuung der GS Brietlingen Ferienbetreuung in der GS Brietlingen Au\u00dferordentliche Betreuung innerhalb der Schulzeit<\/p>\n","protected":false},"author":1,"featured_media":0,"parent":0,"menu_order":2,"comment_status":"closed","ping_status":"closed","template":"sidebar-page.php","meta":{"footnotes":""},"class_list":["post-53","page","type-page","status-publish","hentry"],"yoast_head":"<!-- This site is optimized with the Yoast SEO plugin v27.5 - https:\/\/yoast.com\/product\/yoast-seo-wordpress\/ -->\n<title>Betreuungsangebote<\/title>\n<meta name=\"description\" content=\"Eine \u00dcbersicht aller Betreuungsangebote, die vom Verein angeboten werden und aller Br\u00fcckentage, an denen eine Betreuung stattfinden w\u00fcrde.\" \/>\n<meta name=\"robots\" content=\"index, follow, max-snippet:-1, max-image-preview:large, max-video-preview:-1\" \/>\n<link rel=\"canonical\" href=\"https:\/\/foerderverein-brietlingen.de\/?page_id=53\" \/>\n<meta property=\"og:locale\" content=\"de_DE\" \/>\n<meta property=\"og:type\" content=\"article\" \/>\n<meta property=\"og:title\" content=\"Betreuungsangebote\" \/>\n<meta property=\"og:description\" content=\"Eine \u00dcbersicht aller Betreuungsangebote, die vom Verein angeboten werden und aller Br\u00fcckentage, an denen eine Betreuung stattfinden w\u00fcrde.\" \/>\n<meta property=\"og:url\" content=\"https:\/\/foerderverein-brietlingen.de\/?page_id=53\" \/>\n<meta property=\"og:site_name\" content=\"F\u00f6rderverein Kindergarten und Grundschule Brietlingen e.V.\" \/>\n<meta property=\"article:modified_time\" content=\"2026-02-24T18:01:12+00:00\" \/>\n<meta name=\"twitter:card\" content=\"summary_large_image\" \/>\n<meta name=\"twitter:label1\" content=\"Gesch\u00e4tzte Lesezeit\" \/>\n\t<meta name=\"twitter:data1\" content=\"1\u00a0Minute\" \/>\n<script type=\"application\/ld+json\" class=\"yoast-schema-graph\">{\"@context\":\"https:\\\/\\\/schema.org\",\"@graph\":[{\"@type\":\"WebPage\",\"@id\":\"https:\\\/\\\/foerderverein-brietlingen.de\\\/?page_id=53\",\"url\":\"https:\\\/\\\/foerderverein-brietlingen.de\\\/?page_id=53\",\"name\":\"Betreuungsangebote\",\"isPartOf\":{\"@id\":\"https:\\\/\\\/foerderverein-brietlingen.de\\\/#website\"},\"datePublished\":\"2012-12-27T20:25:21+00:00\",\"dateModified\":\"2026-02-24T18:01:12+00:00\",\"description\":\"Eine \u00dcbersicht aller Betreuungsangebote, die vom Verein angeboten werden und aller Br\u00fcckentage, an denen eine Betreuung stattfinden w\u00fcrde.\",\"breadcrumb\":{\"@id\":\"https:\\\/\\\/foerderverein-brietlingen.de\\\/?page_id=53#breadcrumb\"},\"inLanguage\":\"de\",\"potentialAction\":[{\"@type\":\"ReadAction\",\"target\":[\"https:\\\/\\\/foerderverein-brietlingen.de\\\/?page_id=53\"]}]},{\"@type\":\"BreadcrumbList\",\"@id\":\"https:\\\/\\\/foerderverein-brietlingen.de\\\/?page_id=53#breadcrumb\",\"itemListElement\":[{\"@type\":\"ListItem\",\"position\":1,\"name\":\"Startseite\",\"item\":\"https:\\\/\\\/foerderverein-brietlingen.de\\\/\"},{\"@type\":\"ListItem\",\"position\":2,\"name\":\"Betreuungsangebote\"}]},{\"@type\":\"WebSite\",\"@id\":\"https:\\\/\\\/foerderverein-brietlingen.de\\\/#website\",\"url\":\"https:\\\/\\\/foerderverein-brietlingen.de\\\/\",\"name\":\"F\u00f6rderverein Kindergarten und Grundschule Brietlingen e.V.\",\"description\":\"\",\"publisher\":{\"@id\":\"https:\\\/\\\/foerderverein-brietlingen.de\\\/#organization\"},\"potentialAction\":[{\"@type\":\"SearchAction\",\"target\":{\"@type\":\"EntryPoint\",\"urlTemplate\":\"https:\\\/\\\/foerderverein-brietlingen.de\\\/?s={search_term_string}\"},\"query-input\":{\"@type\":\"PropertyValueSpecification\",\"valueRequired\":true,\"valueName\":\"search_term_string\"}}],\"inLanguage\":\"de\"},{\"@type\":\"Organization\",\"@id\":\"https:\\\/\\\/foerderverein-brietlingen.de\\\/#organization\",\"name\":\"F\u00f6rderverein Kindergarten und Grundschule Brietlingen e.V.\",\"url\":\"https:\\\/\\\/foerderverein-brietlingen.de\\\/\",\"logo\":{\"@type\":\"ImageObject\",\"inLanguage\":\"de\",\"@id\":\"https:\\\/\\\/foerderverein-brietlingen.de\\\/#\\\/schema\\\/logo\\\/image\\\/\",\"url\":\"https:\\\/\\\/foerderverein-brietlingen.de\\\/wp-content\\\/uploads\\\/2013\\\/01\\\/Logo_F\u00d6V.png\",\"contentUrl\":\"https:\\\/\\\/foerderverein-brietlingen.de\\\/wp-content\\\/uploads\\\/2013\\\/01\\\/Logo_F\u00d6V.png\",\"width\":224,\"height\":175,\"caption\":\"F\u00f6rderverein Kindergarten und Grundschule Brietlingen e.V.\"},\"image\":{\"@id\":\"https:\\\/\\\/foerderverein-brietlingen.de\\\/#\\\/schema\\\/logo\\\/image\\\/\"}}]}<\/script>\n<!-- \/ Yoast SEO plugin. -->","yoast_head_json":{"title":"Betreuungsangebote","description":"Eine \u00dcbersicht aller Betreuungsangebote, die vom Verein angeboten werden und aller Br\u00fcckentage, an denen eine Betreuung stattfinden w\u00fcrde.","robots":{"index":"index","follow":"follow","max-snippet":"max-snippet:-1","max-image-preview":"max-image-preview:large","max-video-preview":"max-video-preview:-1"},"canonical":"https:\/\/foerderverein-brietlingen.de\/?page_id=53","og_locale":"de_DE","og_type":"article","og_title":"Betreuungsangebote","og_description":"Eine \u00dcbersicht aller Betreuungsangebote, die vom Verein angeboten werden und aller Br\u00fcckentage, an denen eine Betreuung stattfinden w\u00fcrde.","og_url":"https:\/\/foerderverein-brietlingen.de\/?page_id=53","og_site_name":"F\u00f6rderverein Kindergarten und Grundschule Brietlingen e.V.","article_modified_time":"2026-02-24T18:01:12+00:00","twitter_card":"summary_large_image","twitter_misc":{"Gesch\u00e4tzte Lesezeit":"1\u00a0Minute"},"schema":{"@context":"https:\/\/schema.org","@graph":[{"@type":"WebPage","@id":"https:\/\/foerderverein-brietlingen.de\/?page_id=53","url":"https:\/\/foerderverein-brietlingen.de\/?page_id=53","name":"Betreuungsangebote","isPartOf":{"@id":"https:\/\/foerderverein-brietlingen.de\/#website"},"datePublished":"2012-12-27T20:25:21+00:00","dateModified":"2026-02-24T18:01:12+00:00","description":"Eine \u00dcbersicht aller Betreuungsangebote, die vom Verein angeboten werden und aller Br\u00fcckentage, an denen eine Betreuung stattfinden w\u00fcrde.","breadcrumb":{"@id":"https:\/\/foerderverein-brietlingen.de\/?page_id=53#breadcrumb"},"inLanguage":"de","potentialAction":[{"@type":"ReadAction","target":["https:\/\/foerderverein-brietlingen.de\/?page_id=53"]}]},{"@type":"BreadcrumbList","@id":"https:\/\/foerderverein-brietlingen.de\/?page_id=53#breadcrumb","itemListElement":[{"@type":"ListItem","position":1,"name":"Startseite","item":"https:\/\/foerderverein-brietlingen.de\/"},{"@type":"ListItem","position":2,"name":"Betreuungsangebote"}]},{"@type":"WebSite","@id":"https:\/\/foerderverein-brietlingen.de\/#website","url":"https:\/\/foerderverein-brietlingen.de\/","name":"F\u00f6rderverein Kindergarten und Grundschule Brietlingen e.V.","description":"","publisher":{"@id":"https:\/\/foerderverein-brietlingen.de\/#organization"},"potentialAction":[{"@type":"SearchAction","target":{"@type":"EntryPoint","urlTemplate":"https:\/\/foerderverein-brietlingen.de\/?s={search_term_string}"},"query-input":{"@type":"PropertyValueSpecification","valueRequired":true,"valueName":"search_term_string"}}],"inLanguage":"de"},{"@type":"Organization","@id":"https:\/\/foerderverein-brietlingen.de\/#organization","name":"F\u00f6rderverein Kindergarten und Grundschule Brietlingen e.V.","url":"https:\/\/foerderverein-brietlingen.de\/","logo":{"@type":"ImageObject","inLanguage":"de","@id":"https:\/\/foerderverein-brietlingen.de\/#\/schema\/logo\/image\/","url":"https:\/\/foerderverein-brietlingen.de\/wp-content\/uploads\/2013\/01\/Logo_F\u00d6V.png","contentUrl":"https:\/\/foerderverein-brietlingen.de\/wp-content\/uploads\/2013\/01\/Logo_F\u00d6V.png","width":224,"height":175,"caption":"F\u00f6rderverein Kindergarten und Grundschule Brietlingen e.V."},"image":{"@id":"https:\/\/foerderverein-brietlingen.de\/#\/schema\/logo\/image\/"}}]}},"_links":{"self":[{"href":"https:\/\/foerderverein-brietlingen.de\/index.php?rest_route=\/wp\/v2\/pages\/53","targetHints":{"allow":["GET"]}}],"collection":[{"href":"https:\/\/foerderverein-brietlingen.de\/index.php?rest_route=\/wp\/v2\/pages"}],"about":[{"href":"https:\/\/foerderverein-brietlingen.de\/index.php?rest_route=\/wp\/v2\/types\/page"}],"author":[{"embeddable":true,"href":"https:\/\/foerderverein-brietlingen.de\/index.php?rest_route=\/wp\/v2\/users\/1"}],"replies":[{"embeddable":true,"href":"https:\/\/foerderverein-brietlingen.de\/index.php?rest_route=%2Fwp%2Fv2%2Fcomments&post=53"}],"version-history":[{"count":29,"href":"https:\/\/foerderverein-brietlingen.de\/index.php?rest_route=\/wp\/v2\/pages\/53\/revisions"}],"predecessor-version":[{"id":1059,"href":"https:\/\/foerderverein-brietlingen.de\/index.php?rest_route=\/wp\/v2\/pages\/53\/revisions\/1059"}],"wp:attachment":[{"href":"https:\/\/foerderverein-brietlingen.de\/index.php?rest_route=%2Fwp%2Fv2%2Fmedia&parent=53"}],"curies":[{"name":"wp","href":"https:\/\/api.w.org\/{rel}","templated":true}]}}