{"id":55,"date":"2012-12-27T21:25:23","date_gmt":"2012-12-27T20:25:23","guid":{"rendered":"http:\/\/localhost:81\/wordpress\/?page_id=55"},"modified":"2024-11-24T21:30:23","modified_gmt":"2024-11-24T20:30:23","slug":"nachmittagsbetreuung","status":"publish","type":"page","link":"https:\/\/foerderverein-brietlingen.de\/?page_id=55","title":{"rendered":"Nachmittagsbetreuung in der GS Brietlingen"},"content":{"rendered":"<p style=\"text-align: justify;\">Unsere Nachmittagsbetreuung findet in der Zeit von 13.00 Uhr bis 16.00 Uhr statt, besteht jetzt schon seit 2007 und hat sich nach \u00fcber 20 j\u00e4hriger Vereinsarbeit erfolgreich in Brietlingen etabliert.<br \/>\nAnfangs waren es 6 Kinder, die Betreuungsbedarf hatten. Mit jedem Schuljahr wurden es mehr, zu diesem Zeitpunkt haben wir ca. 70 Sch\u00fcler zu betreuen.<br \/>\nTr\u00e4ger der Nachmittagsbetreuung ist der F\u00f6rderverein.<\/p>\n<h2><strong>Kosten<\/strong><\/h2>\n<ul>\n<li>Mitglieder F\u00f6rderverein:\u00a0 \u00a0 \u00a0 \u00a0 \u00a0 \u00a0110,- Euro \/ Monat<\/li>\n<li>Nicht-Mitglieder F\u00f6rderverein:\u00a0 120,- Euro \/ Monat<\/li>\n<li>Mittagessen 3,80 Euro \/ Mahlzeit (derzeitiger Stand)<\/li>\n<\/ul>\n<p style=\"padding-left: 40px;\"><strong><a href=\"https:\/\/foerderverein-brietlingen.de\/wp-content\/uploads\/2024\/06\/Anmeldung-2024_NaMiBe-GS-mit-SEPA.pdf\" target=\"_blank\" rel=\"noopener noreferrer\">Nachmittagsbetreuung &#8211; Anmeldeformular als PDF<\/a><\/strong><\/p>\n<p style=\"text-align: justify;\">Die Anmeldeformulare sind auch bei den Mitarbeitern der Nachmittagsbetreuung oder im Sekretariat der Grundschule zu erhalten.<\/p>\n<p style=\"text-align: justify;\">Die ausgef\u00fcllte Anmeldung senden Sie bitte an den Vorstand des F\u00f6rdervereins.<\/p>\n<h2><strong>Verpflegung<\/strong><\/h2>\n<p style=\"text-align: justify;\">Seit 2018 wird das Mittagessen von der L\u00fcneburger Firma <em>Gravenhorst Catering<\/em> angeliefert, die uns t\u00e4glich eine ausgewogene und abwechslungsreiche Mittagsmahlzeit zu einem angemessenen Preis liefert (3,80 \u20ac Essen incl. Dessert). Zu Beginn der Betreuungszeit k\u00f6nnen so die Kinder gemeinsam in der schuleigenen K\u00fcche essen; die Eltern haben die M\u00f6glichkeit das Essen am gleichen Tag bis 08:00 Uhr abzubestellen, wenn das Kind z.B. erkrankt ist oder aus einem anderen Grund nicht teilnehmen kann. Dies wird dann auch nicht in Rechnung gestellt. Um zu vermeiden, dass die Kinder zus\u00e4tzlich zu ihrer Fr\u00fchst\u00fccksverpflegung weitere Getr\u00e4nke zur Schule tragen m\u00fcssen, werden zus\u00e4tzlich noch Getr\u00e4nke eingekauft, die von uns bezahlt werden.<\/p>\n<h2><strong>Hausaufgabenbetreuung<\/strong><\/h2>\n<p style=\"text-align: justify;\">Nach dem Mittagessen erledigen die Kinder in drei Gruppen, die sich auch in unterschiedlichen Klassenr\u00e4umen befinden, ihre schriftlichen Hausaufgaben.<br \/>\nZiel ist es hier, in ruhiger Atmosph\u00e4re selbstst\u00e4ndig zu lernen, soziales Lernen zu f\u00f6rdern, d.h. miteinander und voneinander lernen. Bei der Hausaufgabenbetreuung gibt es immer feste Bezugspersonen.<\/p>\n<h2><strong>Freizeitgestaltung<\/strong><\/h2>\n<p style=\"text-align: justify;\">Nach Erledigung der Hausaufgaben, haben die Kinder die Gelegenheit, neben gemeinsamen Spielen oder Bastelarbeiten, sich auf dem Schulhof zu bewegen und zu spielen.<\/p>\n<h2><strong>Elternabend<\/strong><\/h2>\n<p style=\"text-align: justify;\">Zu Beginn eines jeden Schuljahres findet ein Elternabend f\u00fcr die Eltern der anstehenden Erst-Kl\u00e4ssler statt, in dessen Verlauf die Eltern die Gelegenheit haben die Betreuer kennenzulernen, und sich \u00fcber alle Planungen und das p\u00e4dagogische Konzept informieren zu k\u00f6nnen. Au\u00dferdem stehen die Betreuer f\u00fcr kurze Einzelgespr\u00e4che zur Verf\u00fcgung. Dar\u00fcber hinaus bietet der Elternabend die Gelegenheit sich untereinander auszutauschen, was gerne wahrgenommen wird.<\/p>\n<p><a href=\"https:\/\/foerderverein-brietlingen.de\/wp-content\/uploads\/2013\/01\/cropped-Logo_F\u00d6V.png\"><img loading=\"lazy\" decoding=\"async\" class=\"aligncenter size-thumbnail wp-image-633\" src=\"https:\/\/foerderverein-brietlingen.de\/wp-content\/uploads\/2013\/01\/cropped-Logo_F\u00d6V-150x150.png\" alt=\"\" width=\"150\" height=\"150\" srcset=\"https:\/\/foerderverein-brietlingen.de\/wp-content\/uploads\/2013\/01\/cropped-Logo_F\u00d6V-150x150.png 150w, https:\/\/foerderverein-brietlingen.de\/wp-content\/uploads\/2013\/01\/cropped-Logo_F\u00d6V-300x300.png 300w, https:\/\/foerderverein-brietlingen.de\/wp-content\/uploads\/2013\/01\/cropped-Logo_F\u00d6V-270x270.png 270w, https:\/\/foerderverein-brietlingen.de\/wp-content\/uploads\/2013\/01\/cropped-Logo_F\u00d6V-192x192.png 192w, https:\/\/foerderverein-brietlingen.de\/wp-content\/uploads\/2013\/01\/cropped-Logo_F\u00d6V-180x180.png 180w, https:\/\/foerderverein-brietlingen.de\/wp-content\/uploads\/2013\/01\/cropped-Logo_F\u00d6V-32x32.png 32w, https:\/\/foerderverein-brietlingen.de\/wp-content\/uploads\/2013\/01\/cropped-Logo_F\u00d6V.png 512w\" sizes=\"auto, (max-width: 150px) 100vw, 150px\" \/><\/a><\/p>\n","protected":false},"excerpt":{"rendered":"<p>Unsere Nachmittagsbetreuung findet in der Zeit von 13.00 Uhr bis 16.00 Uhr statt, besteht jetzt schon seit 2007 und hat sich nach \u00fcber 20 j\u00e4hriger Vereinsarbeit erfolgreich in Brietlingen etabliert. Anfangs waren es 6 Kinder, die Betreuungsbedarf hatten. Mit jedem &hellip; <a href=\"https:\/\/foerderverein-brietlingen.de\/?page_id=55\">Weiterlesen <span class=\"meta-nav\">&rarr;<\/span><\/a><\/p>\n","protected":false},"author":1,"featured_media":0,"parent":53,"menu_order":2,"comment_status":"closed","ping_status":"closed","template":"sidebar-page.php","meta":{"footnotes":""},"class_list":["post-55","page","type-page","status-publish","hentry"],"yoast_head":"<!-- This site is optimized with the Yoast SEO plugin v27.5 - https:\/\/yoast.com\/product\/yoast-seo-wordpress\/ -->\n<title>Nachmittagsbetreuung in der GS Brietlingen<\/title>\n<meta name=\"robots\" content=\"index, follow, max-snippet:-1, max-image-preview:large, max-video-preview:-1\" \/>\n<link rel=\"canonical\" href=\"https:\/\/foerderverein-brietlingen.de\/?page_id=55\" \/>\n<meta property=\"og:locale\" content=\"de_DE\" \/>\n<meta property=\"og:type\" content=\"article\" \/>\n<meta property=\"og:title\" content=\"Nachmittagsbetreuung in der GS Brietlingen\" \/>\n<meta property=\"og:description\" content=\"Unsere Nachmittagsbetreuung findet in der Zeit von 13.00 Uhr bis 16.00 Uhr statt, besteht jetzt schon seit 2007 und hat sich nach \u00fcber 20 j\u00e4hriger Vereinsarbeit erfolgreich in Brietlingen etabliert. Anfangs waren es 6 Kinder, die Betreuungsbedarf hatten. Mit jedem &hellip; Weiterlesen &rarr;\" \/>\n<meta property=\"og:url\" content=\"https:\/\/foerderverein-brietlingen.de\/?page_id=55\" \/>\n<meta property=\"og:site_name\" content=\"F\u00f6rderverein Kindergarten und Grundschule Brietlingen e.V.\" \/>\n<meta property=\"article:modified_time\" content=\"2024-11-24T20:30:23+00:00\" \/>\n<meta name=\"twitter:card\" content=\"summary_large_image\" \/>\n<meta name=\"twitter:label1\" content=\"Gesch\u00e4tzte Lesezeit\" \/>\n\t<meta name=\"twitter:data1\" content=\"3\u00a0Minuten\" \/>\n<script type=\"application\/ld+json\" class=\"yoast-schema-graph\">{\"@context\":\"https:\\\/\\\/schema.org\",\"@graph\":[{\"@type\":\"WebPage\",\"@id\":\"https:\\\/\\\/foerderverein-brietlingen.de\\\/?page_id=55\",\"url\":\"https:\\\/\\\/foerderverein-brietlingen.de\\\/?page_id=55\",\"name\":\"Nachmittagsbetreuung in der GS Brietlingen\",\"isPartOf\":{\"@id\":\"https:\\\/\\\/foerderverein-brietlingen.de\\\/#website\"},\"datePublished\":\"2012-12-27T20:25:23+00:00\",\"dateModified\":\"2024-11-24T20:30:23+00:00\",\"breadcrumb\":{\"@id\":\"https:\\\/\\\/foerderverein-brietlingen.de\\\/?page_id=55#breadcrumb\"},\"inLanguage\":\"de\",\"potentialAction\":[{\"@type\":\"ReadAction\",\"target\":[\"https:\\\/\\\/foerderverein-brietlingen.de\\\/?page_id=55\"]}]},{\"@type\":\"BreadcrumbList\",\"@id\":\"https:\\\/\\\/foerderverein-brietlingen.de\\\/?page_id=55#breadcrumb\",\"itemListElement\":[{\"@type\":\"ListItem\",\"position\":1,\"name\":\"Startseite\",\"item\":\"https:\\\/\\\/foerderverein-brietlingen.de\\\/\"},{\"@type\":\"ListItem\",\"position\":2,\"name\":\"Betreuungsangebote\",\"item\":\"https:\\\/\\\/foerderverein-brietlingen.de\\\/?page_id=53\"},{\"@type\":\"ListItem\",\"position\":3,\"name\":\"Nachmittagsbetreuung in der GS Brietlingen\"}]},{\"@type\":\"WebSite\",\"@id\":\"https:\\\/\\\/foerderverein-brietlingen.de\\\/#website\",\"url\":\"https:\\\/\\\/foerderverein-brietlingen.de\\\/\",\"name\":\"F\u00f6rderverein Kindergarten und Grundschule Brietlingen e.V.\",\"description\":\"\",\"publisher\":{\"@id\":\"https:\\\/\\\/foerderverein-brietlingen.de\\\/#organization\"},\"potentialAction\":[{\"@type\":\"SearchAction\",\"target\":{\"@type\":\"EntryPoint\",\"urlTemplate\":\"https:\\\/\\\/foerderverein-brietlingen.de\\\/?s={search_term_string}\"},\"query-input\":{\"@type\":\"PropertyValueSpecification\",\"valueRequired\":true,\"valueName\":\"search_term_string\"}}],\"inLanguage\":\"de\"},{\"@type\":\"Organization\",\"@id\":\"https:\\\/\\\/foerderverein-brietlingen.de\\\/#organization\",\"name\":\"F\u00f6rderverein Kindergarten und Grundschule Brietlingen e.V.\",\"url\":\"https:\\\/\\\/foerderverein-brietlingen.de\\\/\",\"logo\":{\"@type\":\"ImageObject\",\"inLanguage\":\"de\",\"@id\":\"https:\\\/\\\/foerderverein-brietlingen.de\\\/#\\\/schema\\\/logo\\\/image\\\/\",\"url\":\"https:\\\/\\\/foerderverein-brietlingen.de\\\/wp-content\\\/uploads\\\/2013\\\/01\\\/Logo_F\u00d6V.png\",\"contentUrl\":\"https:\\\/\\\/foerderverein-brietlingen.de\\\/wp-content\\\/uploads\\\/2013\\\/01\\\/Logo_F\u00d6V.png\",\"width\":224,\"height\":175,\"caption\":\"F\u00f6rderverein Kindergarten und Grundschule Brietlingen e.V.\"},\"image\":{\"@id\":\"https:\\\/\\\/foerderverein-brietlingen.de\\\/#\\\/schema\\\/logo\\\/image\\\/\"}}]}<\/script>\n<!-- \/ Yoast SEO plugin. -->","yoast_head_json":{"title":"Nachmittagsbetreuung in der GS Brietlingen","robots":{"index":"index","follow":"follow","max-snippet":"max-snippet:-1","max-image-preview":"max-image-preview:large","max-video-preview":"max-video-preview:-1"},"canonical":"https:\/\/foerderverein-brietlingen.de\/?page_id=55","og_locale":"de_DE","og_type":"article","og_title":"Nachmittagsbetreuung in der GS Brietlingen","og_description":"Unsere Nachmittagsbetreuung findet in der Zeit von 13.00 Uhr bis 16.00 Uhr statt, besteht jetzt schon seit 2007 und hat sich nach \u00fcber 20 j\u00e4hriger Vereinsarbeit erfolgreich in Brietlingen etabliert. Anfangs waren es 6 Kinder, die Betreuungsbedarf hatten. Mit jedem &hellip; Weiterlesen &rarr;","og_url":"https:\/\/foerderverein-brietlingen.de\/?page_id=55","og_site_name":"F\u00f6rderverein Kindergarten und Grundschule Brietlingen e.V.","article_modified_time":"2024-11-24T20:30:23+00:00","twitter_card":"summary_large_image","twitter_misc":{"Gesch\u00e4tzte Lesezeit":"3\u00a0Minuten"},"schema":{"@context":"https:\/\/schema.org","@graph":[{"@type":"WebPage","@id":"https:\/\/foerderverein-brietlingen.de\/?page_id=55","url":"https:\/\/foerderverein-brietlingen.de\/?page_id=55","name":"Nachmittagsbetreuung in der GS Brietlingen","isPartOf":{"@id":"https:\/\/foerderverein-brietlingen.de\/#website"},"datePublished":"2012-12-27T20:25:23+00:00","dateModified":"2024-11-24T20:30:23+00:00","breadcrumb":{"@id":"https:\/\/foerderverein-brietlingen.de\/?page_id=55#breadcrumb"},"inLanguage":"de","potentialAction":[{"@type":"ReadAction","target":["https:\/\/foerderverein-brietlingen.de\/?page_id=55"]}]},{"@type":"BreadcrumbList","@id":"https:\/\/foerderverein-brietlingen.de\/?page_id=55#breadcrumb","itemListElement":[{"@type":"ListItem","position":1,"name":"Startseite","item":"https:\/\/foerderverein-brietlingen.de\/"},{"@type":"ListItem","position":2,"name":"Betreuungsangebote","item":"https:\/\/foerderverein-brietlingen.de\/?page_id=53"},{"@type":"ListItem","position":3,"name":"Nachmittagsbetreuung in der GS Brietlingen"}]},{"@type":"WebSite","@id":"https:\/\/foerderverein-brietlingen.de\/#website","url":"https:\/\/foerderverein-brietlingen.de\/","name":"F\u00f6rderverein Kindergarten und Grundschule Brietlingen e.V.","description":"","publisher":{"@id":"https:\/\/foerderverein-brietlingen.de\/#organization"},"potentialAction":[{"@type":"SearchAction","target":{"@type":"EntryPoint","urlTemplate":"https:\/\/foerderverein-brietlingen.de\/?s={search_term_string}"},"query-input":{"@type":"PropertyValueSpecification","valueRequired":true,"valueName":"search_term_string"}}],"inLanguage":"de"},{"@type":"Organization","@id":"https:\/\/foerderverein-brietlingen.de\/#organization","name":"F\u00f6rderverein Kindergarten und Grundschule Brietlingen e.V.","url":"https:\/\/foerderverein-brietlingen.de\/","logo":{"@type":"ImageObject","inLanguage":"de","@id":"https:\/\/foerderverein-brietlingen.de\/#\/schema\/logo\/image\/","url":"https:\/\/foerderverein-brietlingen.de\/wp-content\/uploads\/2013\/01\/Logo_F\u00d6V.png","contentUrl":"https:\/\/foerderverein-brietlingen.de\/wp-content\/uploads\/2013\/01\/Logo_F\u00d6V.png","width":224,"height":175,"caption":"F\u00f6rderverein Kindergarten und Grundschule Brietlingen e.V."},"image":{"@id":"https:\/\/foerderverein-brietlingen.de\/#\/schema\/logo\/image\/"}}]}},"_links":{"self":[{"href":"https:\/\/foerderverein-brietlingen.de\/index.php?rest_route=\/wp\/v2\/pages\/55","targetHints":{"allow":["GET"]}}],"collection":[{"href":"https:\/\/foerderverein-brietlingen.de\/index.php?rest_route=\/wp\/v2\/pages"}],"about":[{"href":"https:\/\/foerderverein-brietlingen.de\/index.php?rest_route=\/wp\/v2\/types\/page"}],"author":[{"embeddable":true,"href":"https:\/\/foerderverein-brietlingen.de\/index.php?rest_route=\/wp\/v2\/users\/1"}],"replies":[{"embeddable":true,"href":"https:\/\/foerderverein-brietlingen.de\/index.php?rest_route=%2Fwp%2Fv2%2Fcomments&post=55"}],"version-history":[{"count":49,"href":"https:\/\/foerderverein-brietlingen.de\/index.php?rest_route=\/wp\/v2\/pages\/55\/revisions"}],"predecessor-version":[{"id":1038,"href":"https:\/\/foerderverein-brietlingen.de\/index.php?rest_route=\/wp\/v2\/pages\/55\/revisions\/1038"}],"up":[{"embeddable":true,"href":"https:\/\/foerderverein-brietlingen.de\/index.php?rest_route=\/wp\/v2\/pages\/53"}],"wp:attachment":[{"href":"https:\/\/foerderverein-brietlingen.de\/index.php?rest_route=%2Fwp%2Fv2%2Fmedia&parent=55"}],"curies":[{"name":"wp","href":"https:\/\/api.w.org\/{rel}","templated":true}]}}