{"id":676,"date":"2018-03-07T21:02:54","date_gmt":"2018-03-07T20:02:54","guid":{"rendered":"http:\/\/foerderverein-brietlingen.de\/?page_id=676"},"modified":"2018-06-23T09:30:40","modified_gmt":"2018-06-23T08:30:40","slug":"datenschutz","status":"publish","type":"page","link":"https:\/\/foerderverein-brietlingen.de\/?page_id=676","title":{"rendered":"Cookie-Richtlinie"},"content":{"rendered":"<p><strong>Cookies <\/strong><\/p>\n<p>Cookies sind Textdateien, die automatisch bei dem Aufruf einer Webseite lokal im Browser des Besuchers abgelegt werden. Diese Website setzt Cookies ein, um das Angebot nutzerfreundlich und funktionaler zu gestalten. Dank dieser Dateien ist es beispielsweise m\u00f6glich, auf individuelle Interessen abgestimmte Informationen auf einer Seite anzuzeigen. Auch Sicherheitsrelevante Funktionen zum Schutz Ihrer Privatsph\u00e4re werden durch den Einsatz von Cookies erm\u00f6glicht. Der ausschlie\u00dfliche Zweck besteht also darin, unser Angebot Ihren Kundenw\u00fcnschen bestm\u00f6glich anzupassen und die Seiten-Nutzung so komfortabel wie m\u00f6glich zu gestalten. Mit Anwendung der DSGVO 2018 sind Webmaster dazu verpflichtet, der unter <a href=\"https:\/\/eu-datenschutz.org\/\" target=\"_blank\" rel=\"noopener\">https:\/\/eu-datenschutz.org\/<\/a> ver\u00f6ffentlichten Grundverordnung Folge zu leisten und seine Nutzer entsprechend \u00fcber die Erfassung und Auswertung von Daten in Kenntnis zu setzen. Die Rechtm\u00e4\u00dfigkeit der Verarbeitung ist in Kapitel 2, Artikel 6 der DSGVO begr\u00fcndet.<\/p>\n<p>Quelle: Datenschutz-Vorlage mit freundlicher Genehmigung von Website Tutor<\/p>\n","protected":false},"excerpt":{"rendered":"<p>Cookies Cookies sind Textdateien, die automatisch bei dem Aufruf einer Webseite lokal im Browser des Besuchers abgelegt werden. Diese Website setzt Cookies ein, um das Angebot nutzerfreundlich und funktionaler zu gestalten. Dank dieser Dateien ist es beispielsweise m\u00f6glich, auf individuelle &hellip; <a href=\"https:\/\/foerderverein-brietlingen.de\/?page_id=676\">Weiterlesen <span class=\"meta-nav\">&rarr;<\/span><\/a><\/p>\n","protected":false},"author":1,"featured_media":0,"parent":0,"menu_order":102,"comment_status":"closed","ping_status":"closed","template":"sidebar-page.php","meta":{"footnotes":""},"class_list":["post-676","page","type-page","status-publish","hentry"],"yoast_head":"<!-- This site is optimized with the Yoast SEO plugin v27.5 - https:\/\/yoast.com\/product\/yoast-seo-wordpress\/ -->\n<title>Cookie-Richtlinie - F\u00f6rderverein Kindergarten und Grundschule Brietlingen e.V.<\/title>\n<meta name=\"robots\" content=\"index, follow, max-snippet:-1, max-image-preview:large, max-video-preview:-1\" \/>\n<link rel=\"canonical\" href=\"https:\/\/foerderverein-brietlingen.de\/?page_id=676\" \/>\n<meta property=\"og:locale\" content=\"de_DE\" \/>\n<meta property=\"og:type\" content=\"article\" \/>\n<meta property=\"og:title\" content=\"Cookie-Richtlinie - F\u00f6rderverein Kindergarten und Grundschule Brietlingen e.V.\" \/>\n<meta property=\"og:description\" content=\"Cookies Cookies sind Textdateien, die automatisch bei dem Aufruf einer Webseite lokal im Browser des Besuchers abgelegt werden. Diese Website setzt Cookies ein, um das Angebot nutzerfreundlich und funktionaler zu gestalten. Dank dieser Dateien ist es beispielsweise m\u00f6glich, auf individuelle &hellip; Weiterlesen &rarr;\" \/>\n<meta property=\"og:url\" content=\"https:\/\/foerderverein-brietlingen.de\/?page_id=676\" \/>\n<meta property=\"og:site_name\" content=\"F\u00f6rderverein Kindergarten und Grundschule Brietlingen e.V.\" \/>\n<meta property=\"article:modified_time\" content=\"2018-06-23T08:30:40+00:00\" \/>\n<meta name=\"twitter:card\" content=\"summary_large_image\" \/>\n<meta name=\"twitter:label1\" content=\"Gesch\u00e4tzte Lesezeit\" \/>\n\t<meta name=\"twitter:data1\" content=\"1\u00a0Minute\" \/>\n<script type=\"application\/ld+json\" class=\"yoast-schema-graph\">{\"@context\":\"https:\\\/\\\/schema.org\",\"@graph\":[{\"@type\":\"WebPage\",\"@id\":\"https:\\\/\\\/foerderverein-brietlingen.de\\\/?page_id=676\",\"url\":\"https:\\\/\\\/foerderverein-brietlingen.de\\\/?page_id=676\",\"name\":\"Cookie-Richtlinie - F\u00f6rderverein Kindergarten und Grundschule Brietlingen e.V.\",\"isPartOf\":{\"@id\":\"https:\\\/\\\/foerderverein-brietlingen.de\\\/#website\"},\"datePublished\":\"2018-03-07T20:02:54+00:00\",\"dateModified\":\"2018-06-23T08:30:40+00:00\",\"breadcrumb\":{\"@id\":\"https:\\\/\\\/foerderverein-brietlingen.de\\\/?page_id=676#breadcrumb\"},\"inLanguage\":\"de\",\"potentialAction\":[{\"@type\":\"ReadAction\",\"target\":[\"https:\\\/\\\/foerderverein-brietlingen.de\\\/?page_id=676\"]}]},{\"@type\":\"BreadcrumbList\",\"@id\":\"https:\\\/\\\/foerderverein-brietlingen.de\\\/?page_id=676#breadcrumb\",\"itemListElement\":[{\"@type\":\"ListItem\",\"position\":1,\"name\":\"Startseite\",\"item\":\"https:\\\/\\\/foerderverein-brietlingen.de\\\/\"},{\"@type\":\"ListItem\",\"position\":2,\"name\":\"Cookie-Richtlinie\"}]},{\"@type\":\"WebSite\",\"@id\":\"https:\\\/\\\/foerderverein-brietlingen.de\\\/#website\",\"url\":\"https:\\\/\\\/foerderverein-brietlingen.de\\\/\",\"name\":\"F\u00f6rderverein Kindergarten und Grundschule Brietlingen e.V.\",\"description\":\"\",\"publisher\":{\"@id\":\"https:\\\/\\\/foerderverein-brietlingen.de\\\/#organization\"},\"potentialAction\":[{\"@type\":\"SearchAction\",\"target\":{\"@type\":\"EntryPoint\",\"urlTemplate\":\"https:\\\/\\\/foerderverein-brietlingen.de\\\/?s={search_term_string}\"},\"query-input\":{\"@type\":\"PropertyValueSpecification\",\"valueRequired\":true,\"valueName\":\"search_term_string\"}}],\"inLanguage\":\"de\"},{\"@type\":\"Organization\",\"@id\":\"https:\\\/\\\/foerderverein-brietlingen.de\\\/#organization\",\"name\":\"F\u00f6rderverein Kindergarten und Grundschule Brietlingen e.V.\",\"url\":\"https:\\\/\\\/foerderverein-brietlingen.de\\\/\",\"logo\":{\"@type\":\"ImageObject\",\"inLanguage\":\"de\",\"@id\":\"https:\\\/\\\/foerderverein-brietlingen.de\\\/#\\\/schema\\\/logo\\\/image\\\/\",\"url\":\"https:\\\/\\\/foerderverein-brietlingen.de\\\/wp-content\\\/uploads\\\/2013\\\/01\\\/Logo_F\u00d6V.png\",\"contentUrl\":\"https:\\\/\\\/foerderverein-brietlingen.de\\\/wp-content\\\/uploads\\\/2013\\\/01\\\/Logo_F\u00d6V.png\",\"width\":224,\"height\":175,\"caption\":\"F\u00f6rderverein Kindergarten und Grundschule Brietlingen e.V.\"},\"image\":{\"@id\":\"https:\\\/\\\/foerderverein-brietlingen.de\\\/#\\\/schema\\\/logo\\\/image\\\/\"}}]}<\/script>\n<!-- \/ Yoast SEO plugin. -->","yoast_head_json":{"title":"Cookie-Richtlinie - F\u00f6rderverein Kindergarten und Grundschule Brietlingen e.V.","robots":{"index":"index","follow":"follow","max-snippet":"max-snippet:-1","max-image-preview":"max-image-preview:large","max-video-preview":"max-video-preview:-1"},"canonical":"https:\/\/foerderverein-brietlingen.de\/?page_id=676","og_locale":"de_DE","og_type":"article","og_title":"Cookie-Richtlinie - F\u00f6rderverein Kindergarten und Grundschule Brietlingen e.V.","og_description":"Cookies Cookies sind Textdateien, die automatisch bei dem Aufruf einer Webseite lokal im Browser des Besuchers abgelegt werden. Diese Website setzt Cookies ein, um das Angebot nutzerfreundlich und funktionaler zu gestalten. Dank dieser Dateien ist es beispielsweise m\u00f6glich, auf individuelle &hellip; Weiterlesen &rarr;","og_url":"https:\/\/foerderverein-brietlingen.de\/?page_id=676","og_site_name":"F\u00f6rderverein Kindergarten und Grundschule Brietlingen e.V.","article_modified_time":"2018-06-23T08:30:40+00:00","twitter_card":"summary_large_image","twitter_misc":{"Gesch\u00e4tzte Lesezeit":"1\u00a0Minute"},"schema":{"@context":"https:\/\/schema.org","@graph":[{"@type":"WebPage","@id":"https:\/\/foerderverein-brietlingen.de\/?page_id=676","url":"https:\/\/foerderverein-brietlingen.de\/?page_id=676","name":"Cookie-Richtlinie - F\u00f6rderverein Kindergarten und Grundschule Brietlingen e.V.","isPartOf":{"@id":"https:\/\/foerderverein-brietlingen.de\/#website"},"datePublished":"2018-03-07T20:02:54+00:00","dateModified":"2018-06-23T08:30:40+00:00","breadcrumb":{"@id":"https:\/\/foerderverein-brietlingen.de\/?page_id=676#breadcrumb"},"inLanguage":"de","potentialAction":[{"@type":"ReadAction","target":["https:\/\/foerderverein-brietlingen.de\/?page_id=676"]}]},{"@type":"BreadcrumbList","@id":"https:\/\/foerderverein-brietlingen.de\/?page_id=676#breadcrumb","itemListElement":[{"@type":"ListItem","position":1,"name":"Startseite","item":"https:\/\/foerderverein-brietlingen.de\/"},{"@type":"ListItem","position":2,"name":"Cookie-Richtlinie"}]},{"@type":"WebSite","@id":"https:\/\/foerderverein-brietlingen.de\/#website","url":"https:\/\/foerderverein-brietlingen.de\/","name":"F\u00f6rderverein Kindergarten und Grundschule Brietlingen e.V.","description":"","publisher":{"@id":"https:\/\/foerderverein-brietlingen.de\/#organization"},"potentialAction":[{"@type":"SearchAction","target":{"@type":"EntryPoint","urlTemplate":"https:\/\/foerderverein-brietlingen.de\/?s={search_term_string}"},"query-input":{"@type":"PropertyValueSpecification","valueRequired":true,"valueName":"search_term_string"}}],"inLanguage":"de"},{"@type":"Organization","@id":"https:\/\/foerderverein-brietlingen.de\/#organization","name":"F\u00f6rderverein Kindergarten und Grundschule Brietlingen e.V.","url":"https:\/\/foerderverein-brietlingen.de\/","logo":{"@type":"ImageObject","inLanguage":"de","@id":"https:\/\/foerderverein-brietlingen.de\/#\/schema\/logo\/image\/","url":"https:\/\/foerderverein-brietlingen.de\/wp-content\/uploads\/2013\/01\/Logo_F\u00d6V.png","contentUrl":"https:\/\/foerderverein-brietlingen.de\/wp-content\/uploads\/2013\/01\/Logo_F\u00d6V.png","width":224,"height":175,"caption":"F\u00f6rderverein Kindergarten und Grundschule Brietlingen e.V."},"image":{"@id":"https:\/\/foerderverein-brietlingen.de\/#\/schema\/logo\/image\/"}}]}},"_links":{"self":[{"href":"https:\/\/foerderverein-brietlingen.de\/index.php?rest_route=\/wp\/v2\/pages\/676","targetHints":{"allow":["GET"]}}],"collection":[{"href":"https:\/\/foerderverein-brietlingen.de\/index.php?rest_route=\/wp\/v2\/pages"}],"about":[{"href":"https:\/\/foerderverein-brietlingen.de\/index.php?rest_route=\/wp\/v2\/types\/page"}],"author":[{"embeddable":true,"href":"https:\/\/foerderverein-brietlingen.de\/index.php?rest_route=\/wp\/v2\/users\/1"}],"replies":[{"embeddable":true,"href":"https:\/\/foerderverein-brietlingen.de\/index.php?rest_route=%2Fwp%2Fv2%2Fcomments&post=676"}],"version-history":[{"count":6,"href":"https:\/\/foerderverein-brietlingen.de\/index.php?rest_route=\/wp\/v2\/pages\/676\/revisions"}],"predecessor-version":[{"id":700,"href":"https:\/\/foerderverein-brietlingen.de\/index.php?rest_route=\/wp\/v2\/pages\/676\/revisions\/700"}],"wp:attachment":[{"href":"https:\/\/foerderverein-brietlingen.de\/index.php?rest_route=%2Fwp%2Fv2%2Fmedia&parent=676"}],"curies":[{"name":"wp","href":"https:\/\/api.w.org\/{rel}","templated":true}]}}